{"id":209,"date":"2021-11-11T14:07:17","date_gmt":"2021-11-11T14:07:17","guid":{"rendered":"https:\/\/neu.aegerifarbig.ch\/?page_id=209"},"modified":"2024-04-08T20:05:46","modified_gmt":"2024-04-08T20:05:46","slug":"qa","status":"publish","type":"page","link":"https:\/\/aegerifarbig.ch\/en\/qa\/","title":{"rendered":"QA"},"content":{"rendered":"<p>[et_pb_section fb_built=&#8221;1&#8243; custom_padding_last_edited=&#8221;on|tablet&#8221; admin_label=&#8221;Header&#8221; _builder_version=&#8221;4.16&#8243; _module_preset=&#8221;default&#8221; background_enable_color=&#8221;off&#8221; background_image=&#8221;https:\/\/aegerifarbig.ch\/wp-content\/uploads\/2021\/11\/web_QA-Original.jpg&#8221; parallax=&#8221;on&#8221; custom_margin=&#8221;||-1px||false|false&#8221; custom_margin_last_edited=&#8221;off|desktop&#8221; custom_padding=&#8221;||||false|false&#8221; custom_padding_tablet=&#8221;30px||||false|false&#8221; custom_padding_phone=&#8221;&#8221; global_colors_info=&#8221;{}&#8221;][et_pb_row column_structure=&#8221;2_3,1_3&#8243; make_equal=&#8221;on&#8221; custom_padding_last_edited=&#8221;on|phone&#8221; _builder_version=&#8221;4.16&#8243; _module_preset=&#8221;default&#8221; background_color=&#8221;rgba(255,255,255,0.74)&#8221; width=&#8221;90%&#8221; custom_margin=&#8221;|auto|172px|auto||&#8221; custom_padding=&#8221;60px|60px||60px|false|true&#8221; custom_padding_tablet=&#8221;40px|30px||30px|false|true&#8221; custom_padding_phone=&#8221;40px|20px|40px|20px|true|true&#8221; global_colors_info=&#8221;{}&#8221;][et_pb_column type=&#8221;2_3&#8243; _builder_version=&#8221;4.16&#8243; _module_preset=&#8221;default&#8221; global_colors_info=&#8221;{}&#8221;][et_pb_text _builder_version=&#8221;4.16&#8243; _module_preset=&#8221;bc3df28d-7a1e-4346-9b94-aa11c48ce922&#8243; text_text_color=&#8221;rgba(84,43,0,0.84)&#8221; header_4_font=&#8221;Open Sans|700||on|||||&#8221; header_4_text_color=&#8221;rgba(84,43,0,0.84)&#8221; header_4_font_size=&#8221;14px&#8221; header_4_letter_spacing=&#8221;0.3em&#8221; header_4_line_height=&#8221;1.7em&#8221; custom_margin=&#8221;||0px||false|false&#8221; header_4_font_size_tablet=&#8221;12px&#8221; header_4_font_size_phone=&#8221;10px&#8221; header_4_font_size_last_edited=&#8221;on|phone&#8221; text_orientation_tablet=&#8221;&#8221; text_orientation_phone=&#8221;center&#8221; text_orientation_last_edited=&#8221;on|phone&#8221; global_colors_info=&#8221;{}&#8221;]<\/p>\n<h4>Stitching the community together<\/h4>\n<p>[\/et_pb_text][et_pb_text disabled_on=&#8221;off|off|off&#8221; _builder_version=&#8221;4.16&#8243; _module_preset=&#8221;b0bf5418-994a-43d1-aef8-7d7c6764119d&#8221; text_text_color=&#8221;#664725&#8243; header_font=&#8221;Yusei Magic||||||||&#8221; header_text_color=&#8221;#664725&#8243; header_font_size=&#8221;120px&#8221; header_line_height=&#8221;1.2em&#8221; width=&#8221;100%&#8221; header_font_size_tablet=&#8221;72px&#8221; header_font_size_phone=&#8221;32px&#8221; header_font_size_last_edited=&#8221;on|phone&#8221; background_color_phone=&#8221;rgba(255,255,255,0.74)&#8221; background_last_edited=&#8221;on|phone&#8221; background_enable_color_phone=&#8221;on&#8221; text_orientation_tablet=&#8221;&#8221; text_orientation_phone=&#8221;center&#8221; text_orientation_last_edited=&#8221;on|phone&#8221; global_colors_info=&#8221;{}&#8221;]<\/p>\n<h1>Questions &amp; Answers<\/h1>\n<p>[\/et_pb_text][et_pb_text _builder_version=&#8221;4.16&#8243; _module_preset=&#8221;default&#8221; header_font=&#8221;Abril Fatface||||||||&#8221; header_2_line_height=&#8221;1.4em&#8221; header_3_text_color=&#8221;rgba(84,43,0,0.84)&#8221; header_3_line_height=&#8221;1.4em&#8221; background_enable_color=&#8221;off&#8221; custom_margin=&#8221;25px|||||&#8221; global_colors_info=&#8221;{}&#8221;]<\/p>\n<h3>Would you like to know more about Aegeri Farbig?<\/h3>\n<p>[\/et_pb_text][\/et_pb_column][et_pb_column type=&#8221;1_3&#8243; _builder_version=&#8221;4.16&#8243; _module_preset=&#8221;default&#8221; global_colors_info=&#8221;{}&#8221;][\/et_pb_column][\/et_pb_row][\/et_pb_section][et_pb_section fb_built=&#8221;1&#8243; custom_padding_last_edited=&#8221;off|desktop&#8221; admin_label=&#8221;Categories&#8221; module_id=&#8221;Projects&#8221; _builder_version=&#8221;4.16&#8243; _module_preset=&#8221;default&#8221; background_color=&#8221;rgba(242,99,161,0.1)&#8221; custom_margin=&#8221;||||false|false&#8221; custom_padding=&#8221;88px||||false|false&#8221; custom_padding_phone=&#8221;40vw||||false|false&#8221; global_colors_info=&#8221;{}&#8221;][et_pb_row column_structure=&#8221;1_2,1_2&#8243; _builder_version=&#8221;4.16&#8243; _module_preset=&#8221;default&#8221; global_colors_info=&#8221;{}&#8221;][et_pb_column type=&#8221;1_2&#8243; _builder_version=&#8221;4.16&#8243; _module_preset=&#8221;default&#8221; global_colors_info=&#8221;{}&#8221;][et_pb_blurb title=&#8221;Where can I park when I visit the Aegeri Farbig House?&#8221; use_icon=&#8221;on&#8221; font_icon=&#8221;&#x75;||divi||400&#8243; _builder_version=&#8221;4.24.3&#8243; _module_preset=&#8221;default&#8221; header_text_color=&#8221;#664725&#8243; header_font_size=&#8221;16px&#8221; hover_enabled=&#8221;0&#8243; global_colors_info=&#8221;{}&#8221; sticky_enabled=&#8221;0&#8243;]<\/p>\n<p><span style=\"font-weight: 400;\">There is no parking at the house, at H\u00f6fnerstrasse 7, Unter\u00e4geri. Suggested parking places:<\/span><\/p>\n<p><span style=\"font-weight: 400;\"><\/span><\/p>\n<ul>\n<li><strong><span style=\"text-decoration: underline;\"><a href=\"https:\/\/www.google.com\/maps\/dir\/Oberdorfstrasse+10,+6314+Unter%C3%A4geri\/H%C3%B6fnerstrasse+7,+Unter%C3%A4geri\/@47.1372576,8.5831347,18z\/data=!3m1!4b1!4m13!4m12!1m5!1m1!1s0x479aadf18b5712a3:0xad93f06eec5f2695!2m2!1d8.5840227!2d47.1380621!1m5!1m1!1s0x479aacb0bcc75ce1:0xe7918ea0fad697d!2m2!1d8.5848216!2d47.1364309?entry=ttu\">Oberdorfparkplatz<\/a><\/span><\/strong><\/li>\n<li><strong><span style=\"text-decoration: underline;\"><a href=\"https:\/\/www.google.com\/maps\/dir\/Parkplatz+Kreuzm%C3%BChle,+H%C3%B6fnerstrasse,+Wilbrunnenstrasse,+6314+Unter%C3%A4geri\/H%C3%B6fnerstrasse+7,+Unter%C3%A4geri\/@47.1358541,8.583444,18z\/data=!3m1!4b1!4m13!4m12!1m5!1m1!1s0x479aada9dc0c5933:0x7f270607a6fc4f53!2m2!1d8.5847819!2d47.1352737!1m5!1m1!1s0x479aacb0bcc75ce1:0xe7918ea0fad697d!2m2!1d8.5848216!2d47.1364309?entry=ttu\">Parkplatz Kreuzm\u00fchle<\/a><\/span><\/strong><\/li>\n<li><strong><span style=\"text-decoration: underline;\"><a href=\"https:\/\/www.google.com\/maps\/dir\/Parkhaus+Chilematt+%2F+AEGERIHALLE,+Waldheimstrasse+4,+6314+Unter%C3%A4geri\/H%C3%B6fnerstrasse+7,+Unter%C3%A4geri\/@47.1372906,8.581471,18z\/data=!3m1!4b1!4m13!4m12!1m5!1m1!1s0x479aad7159ff50f7:0xed644bb75ba113db!2m2!1d8.5809619!2d47.1381483!1m5!1m1!1s0x479aacb0bcc75ce1:0xe7918ea0fad697d!2m2!1d8.5848216!2d47.1364309?entry=ttu\">Parkhaus Chilematt \/ Aegerihalle<\/a><\/span><\/strong><\/li>\n<\/ul>\n<p>[\/et_pb_blurb][et_pb_blurb title=&#8221;I cannot knit or crochet. Can I still participate?&#8221; use_icon=&#8221;on&#8221; font_icon=&#8221;&#x75;||divi||400&#8243; _builder_version=&#8221;4.23&#8243; _module_preset=&#8221;default&#8221; header_text_color=&#8221;#664725&#8243; header_font_size=&#8221;16px&#8221; global_colors_info=&#8221;{}&#8221;]<\/p>\n<p><span style=\"font-weight: 400;\">Absolutely. You could learn to knit or crochet from one of our experienced participants at one of our Caf\u00e9 <span style=\"text-decoration: underline;\"><strong><a href=\"https:\/\/aegerifarbig.ch\/#meetup\">Meetups<\/a><\/strong><\/span> or we can arrange individual sessions.\u00a0<\/span><\/p>\n<p><span style=\"font-weight: 400;\">Or here is a helpful video <\/span><span style=\"text-decoration: underline;\"><strong><a href=\"https:\/\/www.instructables.com\/id\/How-to-Crochet-a-Granny-Square\/\" target=\"_blank\" rel=\"noopener\">tutorial<\/a><\/strong><\/span><span style=\"font-weight: 400;\">\u00a0<\/span><\/p>\n<p>We also need help with working out how to hang the installation, text installation, writing media articles and updates and sharing information on our website, Crossiety and Instagram.<\/p>\n<p>[\/et_pb_blurb][et_pb_blurb title=&#8221;Do you have to live in \u00c4geri to participate?&#8221; use_icon=&#8221;on&#8221; font_icon=&#8221;&#x75;||divi||400&#8243; _builder_version=&#8221;4.23&#8243; _module_preset=&#8221;default&#8221; header_text_color=&#8221;#664725&#8243; header_font_size=&#8221;16px&#8221; global_colors_info=&#8221;{}&#8221;]<\/p>\n<p><span style=\"font-weight: 400;\">Anyone is welcome to join. People from Aegerital, Canton Zug or further away. Aegeri Farbig has received knitted\/crocheted items from England, the Netherlands and even Australia. We hope to get contributions from many different villages, cantons and countries.<\/span><\/p>\n<p>[\/et_pb_blurb][et_pb_blurb title=&#8221;Why wrap a building?&#8221; use_icon=&#8221;on&#8221; font_icon=&#8221;&#x75;||divi||400&#8243; _builder_version=&#8221;4.16&#8243; _module_preset=&#8221;default&#8221; header_text_color=&#8221;#664725&#8243; header_font_size=&#8221;16px&#8221; global_colors_info=&#8221;{}&#8221;]<\/p>\n<p><span style=\"font-weight: 400;\">Aegeri Farbig is a community yarnart project.\u00a0 We want to bring joy and colour to people&#8217;s lives<\/span><span style=\"font-weight: 400;\">.\u00a0 Both the participants and the visitors of the yarnart installation.\u00a0 We bring people together by knitting and crocheting on a common project.\u00a0 The project will attract visitors to Aegerital, as well as enthuse our own community in a different way.\u00a0 Above all, we would like to teach people about a special building, it&#8217;s history, and it&#8217;s current role in the Aegeritaler community.<\/span><\/p>\n<p>[\/et_pb_blurb][et_pb_blurb title=&#8221;Where did yarn bombing start?&#8221; use_icon=&#8221;on&#8221; font_icon=&#8221;&#x75;||divi||400&#8243; _builder_version=&#8221;4.16&#8243; _module_preset=&#8221;default&#8221; header_text_color=&#8221;#664725&#8243; header_font_size=&#8221;16px&#8221; global_colors_info=&#8221;{}&#8221;]<\/p>\n<p><span style=\"font-weight: 400;\">Perhaps the start of yarn bombing was in 2005 when Magda Sayeg in Houston, USA, knitted a wool cover for her shop\u2019s door handle. Since then, Magda has been making big \u201ccozies\u201d for buses, caravans, trees and yoga balls.\u00a0<\/span><\/p>\n<p>[\/et_pb_blurb][\/et_pb_column][et_pb_column type=&#8221;1_2&#8243; _builder_version=&#8221;4.16&#8243; _module_preset=&#8221;default&#8221; global_colors_info=&#8221;{}&#8221;][et_pb_blurb title=&#8221;Where can I drop off my finished creations?&#8221; use_icon=&#8221;on&#8221; font_icon=&#8221;&#x75;||divi||400&#8243; _builder_version=&#8221;4.23&#8243; _module_preset=&#8221;default&#8221; header_text_color=&#8221;#664725&#8243; header_font_size=&#8221;16px&#8221; global_colors_info=&#8221;{}&#8221;]<\/p>\n<p><span style=\"font-weight: 400;\">You can drop them off at:<\/span><\/p>\n<ul>\n<li><span style=\"font-weight: 400;\"><\/span><span style=\"font-weight: 400;\"> <\/span> <span style=\"font-weight: 400;\">\u00c4geribad, Ober\u00e4geri<\/span><\/li>\n<li><span style=\"font-weight: 400;\"><\/span><span style=\"font-weight: 400;\">Dorfschulhaus (penguin building) at Zugerstrasse 2, Unter\u00e4geri<\/span><\/li>\n<li><span style=\"font-weight: 400;\"><\/span><span style=\"font-weight: 400;\"> <\/span> <span style=\"font-weight: 400;\">Sch\u00f6nwart 14, Unter\u00e4geri<\/span><\/li>\n<\/ul>\n<p>Alternatively, we will collect items from your mailbox \u2013 just let us know your address.<\/p>\n<p>[\/et_pb_blurb][et_pb_blurb title=&#8221;What will happen to all the yarn at the end of the project?&#8221; use_icon=&#8221;on&#8221; font_icon=&#8221;&#x75;||divi||400&#8243; _builder_version=&#8221;4.16&#8243; _module_preset=&#8221;default&#8221; header_text_color=&#8221;#664725&#8243; header_font_size=&#8221;16px&#8221; global_colors_info=&#8221;{}&#8221;]<\/p>\n<p><span style=\"font-weight: 400;\">The yarn creations will be washed and dried after they have been taken down. The items will be recycled into new items and find new homes.<\/span><\/p>\n<p>[\/et_pb_blurb][et_pb_blurb title=&#8221;What yarn can be used?&#8221; use_icon=&#8221;on&#8221; font_icon=&#8221;&#x75;||divi||400&#8243; _builder_version=&#8221;4.16&#8243; _module_preset=&#8221;default&#8221; header_text_color=&#8221;#664725&#8243; header_font_size=&#8221;16px&#8221; global_colors_info=&#8221;{}&#8221;]<\/p>\n<p><span style=\"font-weight: 400;\">We will use any yarn, but will prioritise the use of left over yarn and donated yarn. Acrylic yarn will dry faster, stays in better form and seems to fade less over time then cotton and wool. However, any yarn can be used.\u00a0 If you don&#8217;t have any yarn you can get it from us.\u00a0 We have boxes of yarn ready for you at Sch\u00f6nwart 14 Unter\u00e4geri, at the Dorfschulhaus in Unter\u00e4geri (Zugerstrasse 2) and in \u00c4geribad in Ober\u00e4geri.<\/span><\/p>\n<p>[\/et_pb_blurb][et_pb_blurb title=&#8221;When can I start?&#8221; use_icon=&#8221;on&#8221; font_icon=&#8221;&#x75;||divi||400&#8243; _builder_version=&#8221;4.23&#8243; _module_preset=&#8221;default&#8221; header_text_color=&#8221;#664725&#8243; header_font_size=&#8221;16px&#8221; global_colors_info=&#8221;{}&#8221;]<\/p>\n<p><span style=\"font-weight: 400;\">As soon as you <a href=\"#register\"><strong><span style=\"text-decoration: underline;\">register<\/span><\/strong><\/a> by signing up for our Newsletter.<\/span><\/p>\n<p>[\/et_pb_blurb][et_pb_blurb title=&#8221;How can I donate yarn?&#8221; use_icon=&#8221;on&#8221; font_icon=&#8221;&#x75;||divi||400&#8243; _builder_version=&#8221;4.16&#8243; _module_preset=&#8221;default&#8221; header_text_color=&#8221;#664725&#8243; header_font_size=&#8221;16px&#8221; locked=&#8221;off&#8221; global_colors_info=&#8221;{}&#8221;]<\/p>\n<p><span style=\"font-weight: 400;\">We can use all types of yarn.\u00a0 If you want to donate yarn you can do so anytime by dropping it off at Sch\u00f6nwart 14 in Unter\u00e4geri.\u00a0 We can also arrange pick up in Kanton Zug.<\/span><\/p>\n<p>[\/et_pb_blurb][\/et_pb_column][\/et_pb_row][\/et_pb_section]<\/p>\n","protected":false},"excerpt":{"rendered":"<p>Stitching the community togetherQuestions &amp; AnswersWould you like to know more about Aegeri Farbig?There is no parking at the house, at H\u00f6fnerstrasse 7, Unter\u00e4geri. Suggested parking places: Oberdorfparkplatz Parkplatz Kreuzm\u00fchle Parkhaus Chilematt \/ Aegerihalle Absolutely. You could learn to knit or crochet from one of our experienced participants at one of our Caf\u00e9 Meetups or [&hellip;]<\/p>\n","protected":false},"author":2,"featured_media":0,"parent":0,"menu_order":0,"comment_status":"closed","ping_status":"closed","template":"","meta":{"_et_pb_use_builder":"on","_et_pb_old_content":"","_et_gb_content_width":"","footnotes":""},"class_list":["post-209","page","type-page","status-publish","hentry"],"_links":{"self":[{"href":"https:\/\/aegerifarbig.ch\/en\/wp-json\/wp\/v2\/pages\/209","targetHints":{"allow":["GET"]}}],"collection":[{"href":"https:\/\/aegerifarbig.ch\/en\/wp-json\/wp\/v2\/pages"}],"about":[{"href":"https:\/\/aegerifarbig.ch\/en\/wp-json\/wp\/v2\/types\/page"}],"author":[{"embeddable":true,"href":"https:\/\/aegerifarbig.ch\/en\/wp-json\/wp\/v2\/users\/2"}],"replies":[{"embeddable":true,"href":"https:\/\/aegerifarbig.ch\/en\/wp-json\/wp\/v2\/comments?post=209"}],"version-history":[{"count":12,"href":"https:\/\/aegerifarbig.ch\/en\/wp-json\/wp\/v2\/pages\/209\/revisions"}],"predecessor-version":[{"id":1778,"href":"https:\/\/aegerifarbig.ch\/en\/wp-json\/wp\/v2\/pages\/209\/revisions\/1778"}],"wp:attachment":[{"href":"https:\/\/aegerifarbig.ch\/en\/wp-json\/wp\/v2\/media?parent=209"}],"curies":[{"name":"wp","href":"https:\/\/api.w.org\/{rel}","templated":true}]}}